{"id":20,"date":"2022-12-01T17:04:24","date_gmt":"2022-12-01T16:04:24","guid":{"rendered":"https:\/\/disqc.lis-lab.fr\/?page_id=20"},"modified":"2025-02-21T12:18:12","modified_gmt":"2025-02-21T11:18:12","slug":"publications","status":"publish","type":"page","link":"https:\/\/disqc.lis-lab.fr\/index.php\/publications\/","title":{"rendered":"Publications"},"content":{"rendered":"\n<h2>2025<\/h2>\n\n\n\n<ul>   \n <li><div class=\"wpbibtex-item\">Julien Zylberman, Ugo Nzongani, Andrea Simonetto, Fabrice Debbasch. Efficient Quantum Circuits for Non-Unitary and Unitary Diagonal Operators with Space-Time-Accuracy Trade-Offs. <em>ACM Transactions on Quantum Computing<\/em>, 2025.<ul class=\"inline\"><li><a href='https:\/\/dl.acm.org\/doi\/10.1145\/3718348' target='_blank'>[Download PDF]<\/a><\/li><li><a href=\"javascript:void(0);\" class=\"wpbibtex-trigger\">[BibTeX]<\/a><\/li><\/ul><div class=\"bibtex\"><pre><code>@article{zylberman2025efficient,\n  title={Efficient Quantum Circuits for Non-Unitary and Unitary Diagonal Operators with Space-Time-Accuracy Trade-Offs},\n  author={Zylberman, Julien and Nzongani, Ugo and Simonetto, Andrea and Debbasch, Fabrice},\n  journal={ACM Transactions on Quantum Computing},\n  year={2025}\n}<\/code><\/pre><\/div><\/div><\/li>\n<\/ul>\n\n\n\n<h2 class=\"wp-block-heading\">2024<\/h2>\n\n\n\n<div class=\"wp-block-group\"><div class=\"wp-block-group__inner-container is-layout-constrained wp-block-group-is-layout-constrained\">\n<ul>   \n <li><div class=\"wpbibtex-item\">Giuseppe Di Molfetta. Quantum Walks, Limits, and Transport Equations. <em>IOP Publishing<\/em>, 2024.<ul class=\"inline\"><li><a href='https:\/\/iopscience.iop.org\/book\/mono\/978-0-7503-5744-9' target='_blank'>[Download PDF]<\/a><\/li><li><a href=\"javascript:void(0);\" class=\"wpbibtex-trigger\">[BibTeX]<\/a><\/li><\/ul><div class=\"bibtex\"><pre><code>@article{di molfetta2024quantum,\n  title={Quantum Walks, Limits, and Transport Equations},\n  author={Di Molfetta, Giuseppe},\n  journal={IOP Publishing},\n  year={2024}\n}<\/code><\/pre><\/div><\/div><\/li> \n <li><div class=\"wpbibtex-item\">Ugo Nzongani, Nathana\u00ebl Eon, Iv\u00e1n M\u00e1rquez-Mart\u00edn, Armando P\u00e9rez, Giuseppe Di Molfetta, Pablo Arrighi. Dirac quantum walk on tetrahedra. <em>Physical Review A<\/em>, 2024.<ul class=\"inline\"><li><a href='https:\/\/arxiv.org\/abs\/2404.09840' target='_blank'>[Download PDF]<\/a><\/li><li><a href=\"javascript:void(0);\" class=\"wpbibtex-trigger\">[BibTeX]<\/a><\/li><\/ul><div class=\"bibtex\"><pre><code>@article{nzongani2024dirac,\n  title={Dirac quantum walk on tetrahedra},\n  author={Nzongani, Ugo and Eon, Nathana\u00ebl and M\u00e1rquez-Mart\u00edn, Iv\u00e1n and P\u00e9rez, Armando and  Di Molfetta, Giuseppe and Arrighi, Pablo},\n  journal={Physical Review A},\n  year={2024}\n}<\/code><\/pre><\/div><\/div><\/li>\n  <li><div class=\"wpbibtex-item\">Mathieu Roget, Giuseppe Di Molfetta. A Quantum Walk-Based Scheme for Distributed Searching on Arbitrary Graphs. <em>Cellular Automata Technology<\/em>, 2024.<ul class=\"inline\"><li><a href='https:\/\/arxiv.org\/abs\/2310.10451' target='_blank'>[Download PDF]<\/a><\/li><li><a href='https:\/\/mroget.github.io\/assets\/pdf\/poster_QWGraph.pdf' target='_blank'>[Poster]<\/a><\/li><li><a href=\"javascript:void(0);\" class=\"wpbibtex-trigger\">[BibTeX]<\/a><\/li><\/ul><div class=\"bibtex\"><pre><code>@article{roget2024quantum,\n  title={A Quantum Walk-Based Scheme for Distributed Searching on Arbitrary Graphs},\n  author={Roget, Mathieu and Molfetta, Giuseppe Di},\n  journal={Cellular Automata Technology},\n  year={2024}\n}<\/code><\/pre><\/div><\/div><\/li>\n  <li><div class=\"wpbibtex-item\">Mathieu Roget. Python package qwgraph to simulate quantum walks on graphs. 2024.<ul class=\"inline\"><li><a href='https:\/\/pypi.org\/project\/qwgraph\/' target='_blank'>[PYPI]<\/a><\/li><li><a href=\"javascript:void(0);\" class=\"wpbibtex-trigger\">[BibTeX]<\/a><\/li><\/ul><div class=\"bibtex\"><pre><code>@unpublished{roget2024python,\n  title={Python package qwgraph to simulate quantum walks on graphs},\n  author={Roget, Mathieu},\n  year={2024}\n}<\/code><\/pre><\/div><\/div><\/li>\n<li><div class=\"wpbibtex-item\">Ugo Nzongani, Pablo Arnault. Adjustable-depth quantum circuit for position-dependent coin operators of discrete-time quantum walks. <em>Quantum<\/em>, 23(193), 2024.<ul class=\"inline\"><li><a href='https:\/\/link.springer.com\/article\/10.1007\/s11128-024-04400-2' target='_blank'>[Download PDF]<\/a><\/li><li><a href=\"javascript:void(0);\" class=\"wpbibtex-trigger\">[BibTeX]<\/a><\/li><\/ul><div class=\"bibtex\"><pre><code>@article{nzongani2024adjustable,\n  title={Adjustable-depth quantum circuit for position-dependent coin operators of discrete-time quantum walks},\n  author={Nzongani, Ugo and Arnault, Pablo},\n  journal={Quantum},\n  year={2024},\n  volume={23},\n  number={193}\n}<\/code><\/pre><\/div><\/div><\/li>\n<\/ul>\n<\/div><\/div>\n\n\n\n<h2 class=\"wp-block-heading\">2023<\/h2>\n\n\n\n<ul>\n<li><div class=\"wpbibtex-item\">Nathanael Eon, Giuseppe Di Molfetta, Giuseppe Magnifico, Pablo Arrighi. A relativistic discrete spacetime formulation of 3+ 1 QED. <em>Quantum<\/em>, 7: 1179, 2023.<ul class=\"inline\"><li><a href='https:\/\/quantum-journal.org\/papers\/q-2023-11-08-1179\/pdf\/' target='_blank'>[Download PDF]<\/a><\/li><li><a href=\"javascript:void(0);\" class=\"wpbibtex-trigger\">[BibTeX]<\/a><\/li><\/ul><div class=\"bibtex\"><pre><code>@article{eon2023relativistic,\n  title={A relativistic discrete spacetime formulation of 3+ 1 QED},\n  author={Eon, Nathanael and Di Molfetta, Giuseppe and Magnifico, Giuseppe and Arrighi, Pablo},\n  journal={Quantum},\n  year={2023},\n  volume={7},\n  pages={1179}\n}<\/code><\/pre><\/div><\/div><\/li>\n  <li><div class=\"wpbibtex-item\">Mathieu Roget, Hachem Kadri, Giuseppe Di Molfetta. Optimality conditions for spatial search with multiple marked vertices. <em>Physical Review Research<\/em>, 2023.<ul class=\"inline\"><li><a href='https:\/\/arxiv.org\/abs\/2201.12937' target='_blank'>[Download PDF]<\/a><\/li><li><a href='https:\/\/mroget.github.io\/assets\/pdf\/poster_QWSearch.pdf' target='_blank'>[Poster]<\/a><\/li><li><a href=\"javascript:void(0);\" class=\"wpbibtex-trigger\">[BibTeX]<\/a><\/li><\/ul><div class=\"bibtex\"><pre><code>@article{roget2023optimality,\n  title={Optimality conditions for spatial search with multiple marked vertices},\n  author={Roget, Mathieu and Kadri, Hachem and Di Molfetta, Giuseppe},\n  journal={Physical Review Research},\n  year={2023}\n}<\/code><\/pre><\/div><\/div><\/li>\n<li><div class=\"wpbibtex-item\">Nathanael Eon, Giuseppe Di Molfetta, Pablo Arrighi. Gauge invariance in cellular automata. <em>Natural Computing<\/em>, 22(3): 587-599, 2023.<ul class=\"inline\"><li><a href='https:\/\/arxiv.org\/pdf\/2004.03656' target='_blank'>[Download PDF]<\/a><\/li><li><a href=\"javascript:void(0);\" class=\"wpbibtex-trigger\">[BibTeX]<\/a><\/li><\/ul><div class=\"bibtex\"><pre><code>@article{eon2023gauge,\n  title={Gauge invariance in cellular automata},\n  author={Eon, Nathanael and Di Molfetta, Giuseppe and Arrighi, Pablo},\n  journal={Natural Computing},\n  year={2023},\n  volume={22},\n  number={3},\n  pages={587-599}\n}<\/code><\/pre><\/div><\/div><\/li>\n<li><div class=\"wpbibtex-item\">Nicolas Jolly, Giuseppe Di Molfetta. Twisted quantum walks, generalised Dirac equation and Fermion doubling. <em>The European Physical Journal D<\/em>, 77(5): 80, 2023.<ul class=\"inline\"><li><a href='https:\/\/link.springer.com\/article\/10.1140\/epjd\/s10053-023-00659-9' target='_blank'>[Download PDF]<\/a><\/li><li><a href=\"javascript:void(0);\" class=\"wpbibtex-trigger\">[BibTeX]<\/a><\/li><\/ul><div class=\"bibtex\"><pre><code>@article{jolly2023twisted,\n  title={Twisted quantum walks, generalised Dirac equation and Fermion doubling},\n  author={Jolly, Nicolas and Di Molfetta, Giuseppe},\n  journal={The European Physical Journal D},\n  year={2023},\n  volume={77},\n  number={5},\n  pages={80}\n}<\/code><\/pre><\/div><\/div><\/li>\n\n<li><div class=\"wpbibtex-item\">Ugo Nzongani, Julien Zylberman, Carlo-Elia Doncecchi, Armando Perez, Fabrice Debbasch, Pablo Arnault. Quantum circuits for discrete-time quantum walks with position-dependent coin operator. <em>Quantum Information Processing<\/em>, 22(270), 2023.<ul class=\"inline\"><li><a href='https:\/\/link.springer.com\/article\/10.1007\/s11128-023-03957-8' target='_blank'>[Download PDF]<\/a><\/li><li><a href=\"javascript:void(0);\" class=\"wpbibtex-trigger\">[BibTeX]<\/a><\/li><\/ul><div class=\"bibtex\"><pre><code>@article{ nzongani2023quantum,\n  title={Quantum circuits for discrete-time quantum walks with position-dependent coin operator},\n  author={ Nzongani, Ugo and Zylberman, Julien and Doncecchi, Carlo-Elia and Perez, Armando and Debbasch, Fabrice and Arnault, Pablo},\n  journal={Quantum Information Processing},\n  year={2023},\n  volume={22},\n  number={270}\n}<\/code><\/pre><\/div><\/div><\/li>\n<\/ul>\n\n\n\n<h2 class=\"wp-block-heading\">2022<\/h2>\n\n\n\n<ul>\n  <li><div class=\"wpbibtex-item\">Mathieu Roget, Giuseppe Di Molfetta, Hachem Kadri. Quantum perceptron revisited: computational-statistical tradeoffs. <em>Proceedings of the Thirty-Eigth Conference on Uncertainty in Artificial Intelligence, UAI-22<\/em>, 2022.<ul class=\"inline\"><li><a href='https:\/\/arxiv.org\/abs\/2106.02496' target='_blank'>[Download PDF]<\/a><\/li><li><a href='https:\/\/mroget.github.io\/assets\/pdf\/poster_qperceptron.pdf' target='_blank'>[Poster]<\/a><\/li><li><a href='https:\/\/github.com\/mroget\/Quantum-perceptron-models' target='_blank'>[Code]<\/a><\/li><li><a href=\"javascript:void(0);\" class=\"wpbibtex-trigger\">[BibTeX]<\/a><\/li><\/ul><div class=\"bibtex\"><pre><code>@inproceedings{roget2022quantum,\n  title={Quantum perceptron revisited: computational-statistical tradeoffs},\n  author={Roget, Mathieu and Di Molfetta, Giuseppe and Kadri, Hachem},\n  booktitle={Proceedings of the Thirty-Eigth Conference on Uncertainty in Artificial Intelligence, UAI-22},\n  year={2022}\n}<\/code><\/pre><\/div><\/div><\/li>\n<li><div class=\"wpbibtex-item\">Kevissen Sellapillay, Giuseppe Di Molfetta, Alberto Verga. Entanglement dynamics and ergodicity breaking in a quantum cellular automaton. <em>Physical Review B <\/em>, 106(10): 104309, 2022.<ul class=\"inline\"><li><a href='https:\/\/arxiv.org\/pdf\/2207.05360' target='_blank'>[Download PDF]<\/a><\/li><li><a href=\"javascript:void(0);\" class=\"wpbibtex-trigger\">[BibTeX]<\/a><\/li><\/ul><div class=\"bibtex\"><pre><code>@article{sellapillay2022entanglement,\n  title={Entanglement dynamics and ergodicity breaking in a quantum cellular automaton},\n  author={Sellapillay, Kevissen and Di Molfetta, Giuseppe and Verga, Alberto},\n  journal={Physical Review B },\n  year={2022},\n  volume={106},\n  number={10},\n  pages={104309}\n}<\/code><\/pre><\/div><\/div><\/li>\n<li><div class=\"wpbibtex-item\">Giuseppe Di Molfetta,  Victor Deng. Geodesic quantum walks. <em>Physical Review A <\/em>, 105(6): 062420, 2022.<ul class=\"inline\"><li><a href='https:\/\/doi.org\/10.1103\/PhysRevA.105.062420' target='_blank'>[Download PDF]<\/a><\/li><li><a href=\"javascript:void(0);\" class=\"wpbibtex-trigger\">[BibTeX]<\/a><\/li><\/ul><div class=\"bibtex\"><pre><code>@article{di molfetta2022geodesic,\n  title={Geodesic quantum walks},\n  author={Di Molfetta, Giuseppe, and Victor Deng},\n  journal={Physical Review A },\n  year={2022},\n  volume={105},\n  number={6},\n  pages={062420}\n}<\/code><\/pre><\/div><\/div><\/li>\n<li><div class=\"wpbibtex-item\">Kevissen Sellapillay, Giuseppe Di Molfetta, Pablo Arrighi. A discrete relativistic spacetime formalism for 1+ 1-QED with continuum limits. <em>Scientific Report<\/em>, 12(1): 2198, 2022.<ul class=\"inline\"><li><a href='https:\/\/www.nature.com\/articles\/s41598-022-06241-4' target='_blank'>[Download PDF]<\/a><\/li><li><a href=\"javascript:void(0);\" class=\"wpbibtex-trigger\">[BibTeX]<\/a><\/li><\/ul><div class=\"bibtex\"><pre><code>@article{sellapillay2022discrete,\n  title={A discrete relativistic spacetime formalism for 1+ 1-QED with continuum limits},\n  author={Sellapillay, Kevissen and Di Molfetta, Giuseppe and Arrighi, Pablo},\n  journal={Scientific Report},\n  year={2022},\n  volume={12},\n  number={1},\n  pages={2198}\n}<\/code><\/pre><\/div><\/div><\/li>\n\n<\/ul>\n\n\n\n\n\n\n\n\n","protected":false},"excerpt":{"rendered":"<p>2025 2024 2023 2022<\/p>\n","protected":false},"author":1,"featured_media":0,"parent":0,"menu_order":4,"comment_status":"closed","ping_status":"closed","template":"","meta":{"footnotes":""},"class_list":["post-20","page","type-page","status-publish","hentry"],"_links":{"self":[{"href":"https:\/\/disqc.lis-lab.fr\/index.php\/wp-json\/wp\/v2\/pages\/20","targetHints":{"allow":["GET"]}}],"collection":[{"href":"https:\/\/disqc.lis-lab.fr\/index.php\/wp-json\/wp\/v2\/pages"}],"about":[{"href":"https:\/\/disqc.lis-lab.fr\/index.php\/wp-json\/wp\/v2\/types\/page"}],"author":[{"embeddable":true,"href":"https:\/\/disqc.lis-lab.fr\/index.php\/wp-json\/wp\/v2\/users\/1"}],"replies":[{"embeddable":true,"href":"https:\/\/disqc.lis-lab.fr\/index.php\/wp-json\/wp\/v2\/comments?post=20"}],"version-history":[{"count":39,"href":"https:\/\/disqc.lis-lab.fr\/index.php\/wp-json\/wp\/v2\/pages\/20\/revisions"}],"predecessor-version":[{"id":282,"href":"https:\/\/disqc.lis-lab.fr\/index.php\/wp-json\/wp\/v2\/pages\/20\/revisions\/282"}],"wp:attachment":[{"href":"https:\/\/disqc.lis-lab.fr\/index.php\/wp-json\/wp\/v2\/media?parent=20"}],"curies":[{"name":"wp","href":"https:\/\/api.w.org\/{rel}","templated":true}]}}